{"id":990103639,"date":"2022-05-12T17:35:12","date_gmt":"2022-05-12T15:35:12","guid":{"rendered":"https:\/\/www.canyoning.naturaavventura.it\/privacy-policy\/"},"modified":"2024-02-14T07:45:40","modified_gmt":"2024-02-14T06:45:40","slug":"privacy-policy","status":"publish","type":"page","link":"https:\/\/www.canyoning.naturaavventura.it\/en\/privacy-policy\/","title":{"rendered":"Privacy Policy"},"content":{"rendered":"<header class=\"entry-header\">&#13;\n<h1 class=\"entry-title wp-block-heading\">Privacy Policy<\/h1>&#13;\n<\/header>&#13;\n<div class=\"pb-content\">&#13;\n<div class=\"entry-content\">&#13;\n<p>In ottemperanza degli obblighi derivanti dalla normativa nazionale (D. Lgs 30 giugno 2003 n. 196, Codice in materia di protezione dei dati personali) e comunitaria, (Regolamento Europeo per la protezione dei dati personali n. 679\/2016, GDPR) e successive modifiche, il presente Sito Web\/Applicazione rispetta e tutela la riservatezza dei visitatori (di seguito denominati Utenti), ponendo in essere ogni sforzo possibile e proporzionato per non lederne i diritti.<br\/>La presente privacy policy si applica esclusivamente alle attivit\u00e0 online del presente Sito Web\/Applicazione ed \u00e8 valida per gli Utenti del Sito Web\/Applicazione. Non si applica alle informazioni eventualmente raccolte tramite canali diversi dal presente Sito Web\/Applicazione. Lo scopo dell\u2019informativa privacy \u00e8 di fornire la massima trasparenza relativamente alle informazioni che il sito raccoglie e come le usa.<\/p>&#13;\n<h4>Data Controller<\/h4>&#13;\n<p>Il Titolare e il Responsabile del trattamento, ai sensi delle leggi vigenti, \u00e8 il Presidente di Natura Avventura a.s.d. contattabile tramite e-mail all\u2019indirizzo <a href=\"mailto:naturaavventura@naturaavventura.it\" target=\"_blank\" rel=\"noopener\">naturaavventura@naturaavventura.it<\/a>.<br\/>Unitamente Google \u00e8 nominato responsabile del trattamento, elaborando dati per conto del Titolare (Google Analytics).<\/p>&#13;\n<h4>Legal Basis of Treatment<\/h4>&#13;\n<p>Il presente sito tratta i dati in base al consenso. Con l\u2019uso o la consultazione del presente Sito Web\/Applicazione, gli Utenti approvano esplicitamente la presente informativa privacy e acconsentono al trattamento dei loro dati personali in relazione alle modalit\u00e0 e alle finalit\u00e0 di seguito descritte, compreso l\u2019eventuale diffusione a terzi se necessaria per l\u2019erogazione di un servizio.<br\/>Il conferimento dei dati e quindi il Consenso alla raccolta e al trattamento dei dati \u00e8 facoltativo, l\u2019Utente pu\u00f2 negare il consenso, e pu\u00f2 revocare in qualsiasi momento un consenso gi\u00e0 fornito tramite email: <a href=\"naturaavventura@naturaavventura.it\" target=\"_blank\" rel=\"noopener\">naturaavventura@naturaavventura.it<\/a>. Tuttavia negare il consenso pu\u00f2 comportare l\u2019impossibilit\u00e0 di erogare alcuni servizi e l\u2019esperienza di navigazione nel sito potrebbe essere compromessa. A partire dal 25 maggio 2018 (data di entrata in vigore del GDPR), il presente sito tratter\u00e0 alcuni dei dati in base ai legittimi interessi del titolare del trattamento.<\/p>&#13;\n<h4>Data Collection<\/h4>&#13;\n<h5>Personal Data<\/h5>&#13;\n<p>I dati Personali possono essere liberamente forniti dall\u2019Utente o, nel caso di dati di utilizzo, raccolti automaticamente durante l\u2019uso di questo Sito Web\/Applicazione.<br\/>Se non diversamente specificato, tutti i dati richiesti da questo Sito Web\/Applicazione sono obbligatori. Se l\u2019Utente rifiuta di comunicarli, potrebbe essere impossibile per il Sito Web\/Applicazione fornire il Servizio o alcuni Servizi. Nei casi in cui il Sito Web\/Applicazione indichi alcuni dati come facoltativi, gli Utenti sono liberi di astenersi dal comunicare tali dati, senza che ci\u00f2 abbia alcuna conseguenza sulla disponibilit\u00e0 del Servizio o sulla sua operativit\u00e0. Gli Utenti che dovessero avere dubbi su quali dati siano obbligatori, sono incoraggiati a contattare il Titolare.<\/p>&#13;\n<p>Qualora il Sito Web\/Applicazione consenta l\u2019inserimento di commenti, oppure in caso di specifici servizi richiesti dall\u2019Utente (tramite Moduli di raccolta dati), il Sito Web\/Applicazione rileva automaticamente e registra alcuni dati identificativi dell\u2019Utente, compreso l\u2019indirizzo mail e il nickname. Tali dati si intendono volontariamente forniti dall\u2019Utente al momento dell\u2019erogazione del servizio, e sono trattati in base al consenso. Inserendo un commento o altra informazione l\u2019Utente accetta espressamente l\u2019informativa privacy, e in particolare acconsente che i contenuti inseriti siano liberamente visualizzabili anche per altri Utenti.<\/p>&#13;\n<p>L\u2019Utente si assume la responsabilit\u00e0 dei dati Personali di terzi ottenuti, pubblicati o condivisi mediante il Sito Web\/Applicazione e garantisce di avere il diritto di comunicarli o diffonderli, liberando il Titolare da qualsiasi responsabilit\u00e0 verso terzi.<\/p>&#13;\n<h5>Computer data<\/h5>&#13;\n<p>Come tutti i siti web anche il presente Sito Web\/Applicazione fa uso di log files nei quali vengono conservate informazioni raccolte in maniera automatizzata durante le visite degli Utenti.<\/p>&#13;\n<h4>Treatment of Data Collected<\/h4>&#13;\n<h5>Purpose of Treatment<\/h5>&#13;\n<p>La raccolta di dati e informazioni avviene per le seguenti finalit\u00e0:<\/p>&#13;\n<ul>&#13;\n<li>In forma esclusivamente aggregata e anonima al fine di verificare il corretto funzionamento del Sito Web\/Applicazione. Nessuna di queste informazioni \u00e8 correlata alla persona fisica o Utente del Sito Web\/Applicazione, e non ne consentono in alcun modo l\u2019identificazione. Non occorre il consenso.<\/li>&#13;\n<li>A fini di sicurezza del sito (filtri antispam, firewall, rilevazione virus) e degli Utenti. I dati sono registrati automaticamente e possono eventualmente comprendere anche dati personali, come l\u2019indirizzo IP, che potrebbe essere utilizzato, conformemente alle leggi vigenti in materia, al fine di bloccare tentativi di danneggiamento al Sito Web\/Applicazione medesimo o di recare danno ad altri Utenti, o comunque attivit\u00e0 dannose o costituenti reato. Tali dati non sono mai utilizzati per l\u2019identificazione o la profilazione dell\u2019Utente, n\u00e9 incrociati con altri dati, n\u00e9 forniti a terzi, ma utilizzati solo a fini di tutela del Sito Web\/Applicazione e dei suoi Utenti. Non occorre il consenso.<\/li>&#13;\n<li>Per verificare la completezza, la validit\u00e0 e la correttezza dei dati forniti, anche al fine di risalire ad autori di eventuali illeciti ed evitare frodi informatiche unicamente nel caso di specifiche richieste delle competenti Autorit\u00e0.<\/li>&#13;\n<li>Comunicare i dati a terze parti che svolgono funzioni necessarie o strumentali all\u2019operativit\u00e0 del servizio, come ad esempio la gestione dei commenti sul Sito Web\/Applicazione.<\/li>&#13;\n<li>Finalit\u00e0 Statistica e di Analisi della navigazione e degli Utenti.<\/li>&#13;\n<\/ul>&#13;\n<p>I dati ricevuti verranno utilizzati esclusivamente per l\u2019erogazione del servizio richiesto e per il solo tempo necessario per la fornitura del servizio. Le informazioni che gli Utenti del sito riterranno di rendere pubbliche tramite i servizi e gli strumenti messi a disposizione degli stessi, sono fornite dall\u2019Utente consapevolmente e volontariamente, esentando il presente Sito Web\/Applicazione da qualsiasi responsabilit\u00e0 in merito ad eventuali violazioni delle leggi.<br\/>I dati personali potranno inoltre, previo consenso dell\u2019Utente, essere utilizzati per l\u2019invio di comunicazioni informative e promozionali relative a prodotti e\/o servizi forniti dal Sito Web\/Applicazione. Tale finalit\u00e0 richiede una espressa accettazione opzionale e facoltativa. \u00c8 possibile annullare in qualsiasi momento in modo facile e veloce l\u2019iscrizione alle comunicazioni promozionali selezionando l\u2019opzione \u201ccancellami dalla newsletter\u201d in fondo ad ogni newsletter ricevuta oppure inviando una richiesta via e-mail al Titolare del Trattamento.<\/p>&#13;\n<h5>Mode of treatment<\/h5>&#13;\n<p>Il Titolare adotta le opportune misure di sicurezza volte ad impedire l\u2019accesso, la divulgazione, la modifica o la distruzione non autorizzate dei dati Personali. Ogni trattamento avviene nel rispetto delle modalit\u00e0 di cui agli articoli 6 e 32 del GDPR e mediante l\u2019adozione delle adeguate misure di sicurezza previste.<br\/>Il trattamento viene effettuato mediante strumenti informatici e\/o telematici, con modalit\u00e0 organizzative e con logiche strettamente correlate alle finalit\u00e0 indicate. Oltre al Titolare, in alcuni casi, potrebbero avere accesso ai dati altri soggetti coinvolti nell\u2019organizzazione di questo Sito Web\/Applicazione (personale amministrativo, commerciale, marketing, legali, amministratori di sistema) ovvero soggetti esterni (come fornitori di servizi tecnici terzi, corrieri postali, hosting provider, societ\u00e0 informatiche, agenzie di comunicazione) nominati Responsabili del Trattamento da parte del Titolare. L\u2019elenco aggiornato dei Responsabili potr\u00e0 sempre essere richiesto al Titolare del Trattamento.<\/p>&#13;\n<h5>Place of Processing<\/h5>&#13;\n<p>I dati sono trattati presso la sede del Titolare del Trattamento (Viale Giustiniano Imperatore 159, 00145 Roma) e presso il data center del web hosting Host SpA, societ\u00e0 italiana con sede legale in Italia. I dati anagrafici e amministrativi verranno gestiti in Italia del web hosting, in conformit\u00e0 alle leggi italiane ed europee ed utilizzati esclusivamente per erogare i servizi acquistati. Il web hosting ed il suo personale non hanno accesso ai dati della posta, dell\u2019hosting o del cloud del Sito Web\/Applicazione www.naturaavventura.it ed esclude ogni tipo di utilizzo da parte sua. L\u2019hosting non pu\u00f2 vendere a terzi i dati che tratta e non fa commercio di dati.<\/p>&#13;\n<h5>Retention period<\/h5>&#13;\n<p>Ai sensi dell\u2019art. 5 del GDPR, il periodo di conservazione dei dati personali \u00e8:<\/p>&#13;\n<ul>&#13;\n<li>stabilito per il tempo richiesto dalle finalit\u00e0 per le quali sono stati raccolti e per un arco di tempo non superiore all\u2019espletamento dei servizi erogati;<\/li>&#13;\n<li>se necessario, nei tempi per far valere il proprio diritto di difesa in giudizio.<\/li>&#13;\n<\/ul>&#13;\n<p>I dati Personali raccolti per scopi collegati all\u2019esecuzione di un contratto tra il Titolare e l\u2019Utente saranno trattenuti sino a quando sia completata l\u2019esecuzione di tale contratto.<br\/>Al termine del periodo di conservazione i dati personali saranno cancellati. Pertanto, allo spirare di tale termine il diritto di accesso, cancellazione, rettificazione ed il diritto alla portabilit\u00e0 dei dati non potranno pi\u00f9 essere esercitati.<\/p>&#13;\n<p>In ogni caso i dati personali rilevati dal Sito Web\/Applicazione non saranno forniti mai a terzi, per nessuna ragione, a meno che non si tratti di legittima richiesta da parte dell\u2019autorit\u00e0 giudiziaria e nei soli casi previsti dalla legge. I dati per\u00f2 potranno essere forniti a terzi qualora ci\u00f2 sia necessario per la fornitura di uno specifico servizio richiesto dell\u2019Utente (es. gestione dei commenti), oppure per l\u2019esecuzione di controlli di sicurezza o di ottimizzazione del Sito Web\/Applicazione.<\/p>&#13;\n<h5>User Rights<\/h5>&#13;\n<p>Ai sensi del Regolamento Europeo 679\/2016 (GDPR) e dell\u2019art. 7 del D. Lgs. 30 giugno 2003 n.196, l\u2019Utente pu\u00f2, secondo le modalit\u00e0 e nei limiti previsti dalla vigente normativa, esercitare i seguenti diritti:<\/p>&#13;\n<ul>&#13;\n<li>opporsi in tutto o in parte, per motivi legittimi al trattamento dei dati personali che lo riguardano ai fini di invio di materiale pubblicitario o di vendita diretta o per il compimento di ricerche di mercato o di comunicazione commerciale;<\/li>&#13;\n<li>richiedere la conferma dell\u2019esistenza di dati personali che lo riguardano (diritto di accesso);<\/li>&#13;\n<li>conoscerne l\u2019origine;<\/li>&#13;\n<li>riceverne comunicazione intelligibile;<\/li>&#13;\n<li>avere informazioni circa la logica, le modalit\u00e0 e le finalit\u00e0 del trattamento;<\/li>&#13;\n<li>richiederne l\u2019aggiornamento, la rettifica, l\u2019integrazione, la cancellazione, la trasformazione in forma anonima, il blocco dei dati trattati in violazione di legge, ivi compresi quelli non pi\u00f9 necessari al perseguimento degli scopi per i quali sono stati raccolti;<\/li>&#13;\n<li>nei casi di trattamento basato su consenso, ricevere al solo costo dell\u2019eventuale supporto, i suoi dati forniti al titolare, in forma strutturata e leggibile da un elaboratore di dati e in un formato comunemente usato da un dispositivo elettronico;<\/li>&#13;\n<li>il diritto di presentare un reclamo all\u2019Autorit\u00e0 di controllo (Garante Privacy);<\/li>&#13;\n<li>pi\u00f9 in generale, esercitare tutti i diritti che gli sono riconosciuti dalle vigenti disposizioni di legge.<\/li>&#13;\n<\/ul>&#13;\n<p>Nel caso in cui i dati siano trattati in base ai legittimi interessi sono comunque garantiti i diritti degli interessati al trattamento, in particolare il diritto di opposizione al trattamento che pu\u00f2 essere esercitato inviando una richiesta al Titolare del trattamento.<\/p>&#13;\n<h5>How to exercise rights<\/h5>&#13;\n<p>Per esercitare i diritti, gli Utenti possono indirizzare una richiesta agli estremi di contatto del Titolare indicati in questo documento. Le richieste saranno evase dal Titolare nel pi\u00f9 breve tempo possibile, in ogni caso entro 30 giorni dalla ricezione della notifica.<\/p>&#13;\n<h5>Litigation defense<\/h5>&#13;\n<p>I dati personali dell\u2019Utente possono essere utilizzati del Titolare in giudizio o nelle fasi preparatorie alla sua eventuale instaurazione per la difesa da abusi nell\u2019utilizzo di questo Sito Web\/Applicazione o dei Servizi connessi da parte dell\u2019Utente. L\u2019Utente dichiara di essere consapevole che il Titolare potrebbe essere obbligato a rivelare i dati per ordine delle autorit\u00e0 pubbliche.<\/p>&#13;\n<h4>Cookie<\/h4>&#13;\n<p>Come \u00e8 d\u2019uso su tutti i siti web, anche questo Sito Web\/Applicazione fa uso di cookie, piccoli file di testo che consentono di conservare informazioni sulle preferenze dei visitatori, per migliorare le funzionalit\u00e0 del Sito Web\/Applicazione, per semplificarne la navigazione automatizzando le procedure (es. Login, lingua Sito Web\/Applicazione) e per l\u2019analisi dell\u2019uso del Sito Web\/Applicazione.<\/p>&#13;\n<h5>Types of Cookies<\/h5>&#13;\n<p>I \u201ccookie di sessione\u201d sono essenziali per poter distinguere tra gli Utenti collegati, e sono utili per evitare che una funzionalit\u00e0 richiesta possa essere fornita all\u2019Utente sbagliato, nonch\u00e9 per fini di sicurezza per impedire attacchi informatici al Sito Web\/Applicazione. I cookie di sessione non contengono dati personali e durano per la sola sessione in corso, cio\u00e8 fino alla chiusura del browser. Per essi non occorre consenso.<br\/>I \u201cfunctionality cookie\u201d utilizzati dal Sito Web\/Applicazione sono strettamente necessari per l\u2019uso del Sito Web\/Applicazione, in particolare sono collegati ad una espressa richiesta di funzionalit\u00e0 da parte dell\u2019Utente (come il Login), per i quali non occorre alcun consenso.<br\/>Utilizzando il Sito Web\/Applicazione, continuando la navigazione del Sito Web\/Applicazione, oppure cliccando OK sul banner presente al primo accesso al Sito Web\/Applicazione, il visitatore acconsente espressamente all\u2019uso dei cookie e delle tecnologie similari, e in particolare alla registrazione di tali cookie sul suo terminale per le finalit\u00e0 di trattamento dei dati sopra indicate. Questo Portale web non f\u00e0 uso di \u201ccookie di profilazione\u201d, non memorizziamo le scelte\/gusti e non vengono creare campagne di remarketing.<\/p>&#13;\n<h5>Disabling cookies<\/h5>&#13;\n<p>I cookies sono collegati al browser utilizzato e possono essere disabilitati direttamente dal browser, rifiutando\/revocando il consenso all\u2019uso dei cookies. Occorre tenere presente che la disabilitazione dei cookies potrebbe impedire il corretto utilizzo di alcune funzioni del Sito Web\/Applicazione stesso. Le istruzioni per la disabilitazione dei cookies si trovano nelle impostazioni dei rispettivi browser.<\/p>&#13;\n<h5>Third-party cookies<\/h5>&#13;\n<p>Il presente Sito Web\/Applicazione funge anche da intermediario per cookies di terze parti, utilizzati per poter fornire ulteriori servizi e funzionalit\u00e0 ai visitatori e per migliorare l\u2019uso del Sito Web\/Applicazione stesso, come i pulsanti per i social. La presente privacy policy non si applica ai servizi forniti da terze parti, e questo Sito Web\/Applicazione non ha alcun controllo sui loro cookies, interamente gestiti dalle terze parti e non ha alcun accesso alle informazioni raccolte tramite detti cookies. Il contratto di cessione dati avviene direttamente tra l\u2019Utente e le terze parti, mentre questo Sito Web\/Applicazione non partecipa in alcun modo a tale cessione. In conseguenza di ci\u00f2 le informazioni sull\u2019uso dei detti cookies e sulle finalit\u00e0 degli stessi, nonch\u00e9 sulle modalit\u00e0 per l\u2019eventuale disabilitazione, sono fornite direttamente dalle terze parti alle pagine qui sotto indicate:<\/p>&#13;\n<p>In particolare il presente sito utilizza cookies delle seguenti terze parti: Google (Google Analytics cookie). Google Analytics \u00e8 uno strumento di analisi di Google che attraverso l\u2019uso di cookies (performance cookie) raccoglie dati di navigazione anonimi allo scopo di esaminare l\u2019uso del Sito Web\/Applicazione da parte degli Utenti, compilare report sulle attivit\u00e0 nel Sito Web\/Applicazione e fornire altre informazioni, compreso il numero dei visitatori e le pagine visitate. Google pu\u00f2 anche trasferire queste informazioni a terzi ove ci\u00f2 sia imposto dalla legge o laddove tali terzi trattino le suddette informazioni per conto di Google. Google non assocer\u00e0 l\u2019indirizzo IP a nessun altro dato posseduto da Google. I dati trasmessi a Google sono depositati presso i server di Google.<br\/>In base a specifico accordo con Google, che \u00e8 designato quale Responsabile del trattamento dei dati degli Utenti, questi si impegna a trattare i dati in base alle richieste del Titolare, impartite direttamente tramite le impostazioni del software. In base a tali impostazioni le opzioni pubblicitarie e di condivisione dei dati sono disattivate. Ulteriori informazioni sui cookies di Google Analytics si trovano alla pagina Google Analytics, Cookie Usage on Websites. L\u2019Utente pu\u00f2 disabilitare (opt-out) in modo selettivo la raccolta dei dati da parte di Google Analytics installando sul proprio browser l\u2019apposito componente fornito da Google (opt-out).<br\/>Per maggiori informazioni sull\u2019uso dei dati e sul loro trattamento da parte di Google si raccomanda di prendere visione delle informazioni alla pagina predisposta da Google, e alla pagina e alla pagina sulle Modalit\u00e0 di utilizzo dei dati da parte di Google quando si utilizzano siti o app dei partner.<\/p>&#13;\n<h5>Social networking plugins and apps<\/h5>&#13;\n<p>Il presente Sito Web\/Applicazione incorpora anche plugin e\/o bottoni per i social network, al fine di consentire una facile condivisione dei contenuti sui vostri social network preferiti. Tali plugin sono programmati in modo da non impostare alcun cookie all\u2019accesso della pagina, per salvaguardare la privacy degli Utenti. Eventualmente i cookies sono impostati, se cos\u00ec previsto dai social network, solo quando l\u2019Utente fa effettivo e volontario uso del plugin. Si tenga presente che se l\u2019Utente naviga essendo loggato nel social network allora ha gi\u00e0 acconsentito all\u2019uso dei cookies veicolati tramite questo Sito Web\/Applicazione al momento dell\u2019iscrizione al social network. La raccolta e l\u2019uso delle informazioni ottenute a mezzo del plugin sono regolati dalle rispettive informative privacy dei social network, alle quali si prega di fare riferimento.<\/p>&#13;\n<h5>Data transfer to non-European countries<\/h5>&#13;\n<p>Il presente Sito Web\/Applicazione potrebbe condividere alcuni dei dati raccolti con servizi localizzati al di fuori dell\u2019area dell\u2019Unione Europea. In particolare con Google, tramite i social plugin e il servizio di Google Analytics. Il trasferimento \u00e8 autorizzato in base a specifiche decisioni dell\u2019Unione Europea e del Garante per la tutela dei dati personali, in particolare la decisione UE 1250\/2016 (Privacy Shield), per cui non occorre ulteriore consenso. Le aziende sopra menzionate garantiscono la propria adesione al Privacy Shield.<\/p>&#13;\n<h4>Changes to this Privacy and Cookie Policy<\/h4>&#13;\n<p>Il Titolare del Trattamento si riserva il diritto di apportare modifiche alla presente privacy e cookies policy in qualunque momento. Si prega dunque di consultare regolarmente questa pagina, facendo riferimento alla data di ultima modifica indicata a pi\u00e8 pagina. Qualora le modifiche interessino trattamenti la cui base giuridica \u00e8 il consenso, il Titolare provveder\u00e0 a raccogliere nuovamente il consenso dell\u2019Utente, se necessario.<\/p>&#13;\n<\/div>&#13;\n<\/div>&#13;\n","protected":false},"excerpt":{"rendered":"<p>&#13; Privacy Policy &#13; &#13; &#13; &#13; In ottemperanza degli obblighi derivanti dalla normativa nazionale (D. Lgs 30 giugno 2003 n. 196, Codice in materia di protezione dei dati personali) e comunitaria, (Regolamento Europeo per la protezione dei dati personali n. 679\/2016, GDPR) e successive modifiche, il presente Sito Web\/Applicazione rispetta e tutela la riservatezza [&hellip;]<\/p>\n","protected":false},"author":1,"featured_media":0,"parent":0,"menu_order":0,"comment_status":"closed","ping_status":"open","template":"","meta":{"footnotes":""},"folder":[29],"class_list":["post-990103639","page","type-page","status-publish","hentry"],"_links":{"self":[{"href":"https:\/\/www.canyoning.naturaavventura.it\/en\/wp-json\/wp\/v2\/pages\/990103639","targetHints":{"allow":["GET"]}}],"collection":[{"href":"https:\/\/www.canyoning.naturaavventura.it\/en\/wp-json\/wp\/v2\/pages"}],"about":[{"href":"https:\/\/www.canyoning.naturaavventura.it\/en\/wp-json\/wp\/v2\/types\/page"}],"author":[{"embeddable":true,"href":"https:\/\/www.canyoning.naturaavventura.it\/en\/wp-json\/wp\/v2\/users\/1"}],"replies":[{"embeddable":true,"href":"https:\/\/www.canyoning.naturaavventura.it\/en\/wp-json\/wp\/v2\/comments?post=990103639"}],"version-history":[{"count":3,"href":"https:\/\/www.canyoning.naturaavventura.it\/en\/wp-json\/wp\/v2\/pages\/990103639\/revisions"}],"predecessor-version":[{"id":990103642,"href":"https:\/\/www.canyoning.naturaavventura.it\/en\/wp-json\/wp\/v2\/pages\/990103639\/revisions\/990103642"}],"wp:attachment":[{"href":"https:\/\/www.canyoning.naturaavventura.it\/en\/wp-json\/wp\/v2\/media?parent=990103639"}],"wp:term":[{"taxonomy":"folder","embeddable":true,"href":"https:\/\/www.canyoning.naturaavventura.it\/en\/wp-json\/wp\/v2\/folder?post=990103639"}],"curies":[{"name":"wp","href":"https:\/\/api.w.org\/{rel}","templated":true}]}}