{"id":990103643,"date":"2023-03-10T15:16:05","date_gmt":"2023-03-10T14:16:05","guid":{"rendered":"https:\/\/www.canyoning.naturaavventura.it\/terms-and-conditions\/"},"modified":"2024-02-14T07:45:52","modified_gmt":"2024-02-14T06:45:52","slug":"terms-and-conditions","status":"publish","type":"page","link":"https:\/\/www.canyoning.naturaavventura.it\/en\/terms-and-conditions\/","title":{"rendered":"Terms and Conditions"},"content":{"rendered":"<p>{&#8220;main-title&#8221;:{&#8220;component&#8221;:&#8221;hc_title&#8221;,&#8221;id&#8221;:&#8221;main-title&#8221;,&#8221;title&#8221;:&#8221;&#8221;,&#8221;subtitle&#8221;:&#8221;che cosa succede se cancelli una prenotazione&#8221;,&#8221;title_content&#8221;:{&#8220;component&#8221;:&#8221;hc_title_image&#8221;,&#8221;id&#8221;:&#8221;title-image&#8221;,&#8221;image&#8221;:&#8221;https:\/\/www.canyoning.naturaavventura.it\/wp-content\/uploads\/2023\/04\/sfondo_20-1024&#215;293.jpg|550|1920|990102976&#8243;,&#8221;full_screen&#8221;:false,&#8221;full_screen_height&#8221;:&#8221;&#8221;,&#8221;parallax&#8221;:true,&#8221;bleed&#8221;:&#8221;&#8221;,&#8221;ken_burn&#8221;:&#8221;ken-burn-center&#8221;,&#8221;breadcrumbs&#8221;:true,&#8221;light&#8221;:true,&#8221;alignment&#8221;:&#8221;&#8221;}},&#8221;section_5ZtkF&#8221;:{&#8220;component&#8221;:&#8221;hc_section&#8221;,&#8221;id&#8221;:&#8221;section_5ZtkF&#8221;,&#8221;section_width&#8221;:&#8221;&#8221;,&#8221;animation&#8221;:&#8221;&#8221;,&#8221;animation_time&#8221;:&#8221;&#8221;,&#8221;timeline_animation&#8221;:&#8221;&#8221;,&#8221;timeline_delay&#8221;:&#8221;&#8221;,&#8221;timeline_order&#8221;:&#8221;&#8221;,&#8221;vertical_row&#8221;:&#8221;&#8221;,&#8221;css_classes&#8221;:&#8221;&#8221;,&#8221;custom_css_classes&#8221;:&#8221;&#8221;,&#8221;custom_css_styles&#8221;:&#8221;&#8221;,&#8221;section_content&#8221;:[{&#8220;component&#8221;:&#8221;hc_column&#8221;,&#8221;id&#8221;:&#8221;column_ClJvv&#8221;,&#8221;column_width&#8221;:&#8221;col-md-12&#8243;,&#8221;animation&#8221;:&#8221;&#8221;,&#8221;animation_time&#8221;:&#8221;&#8221;,&#8221;timeline_animation&#8221;:&#8221;&#8221;,&#8221;timeline_delay&#8221;:&#8221;&#8221;,&#8221;timeline_order&#8221;:&#8221;&#8221;,&#8221;css_classes&#8221;:&#8221;&#8221;,&#8221;custom_css_classes&#8221;:&#8221;&#8221;,&#8221;custom_css_styles&#8221;:&#8221;&#8221;,&#8221;main_content&#8221;:[{&#8220;component&#8221;:&#8221;hc_accordion&#8221;,&#8221;id&#8221;:&#8221;2jxSv&#8221;,&#8221;css_classes&#8221;:&#8221;&#8221;,&#8221;custom_css_classes&#8221;:&#8221;&#8221;,&#8221;custom_css_styles&#8221;:&#8221;&#8221;,&#8221;name_1&#8243;:&#8221;Vie Ferrate&#8221;,&#8221;content_1&#8243;:[{&#8220;component&#8221;:&#8221;hc_text_block&#8221;,&#8221;id&#8221;:&#8221;Cjc9i&#8221;,&#8221;css_classes&#8221;:&#8221;&#8221;,&#8221;custom_css_classes&#8221;:&#8221;&#8221;,&#8221;custom_css_styles&#8221;:&#8221;&#8221;,&#8221;content&#8221;:&#8221;\u00c8 possibile cancellare la prenotazione in qualsiasi momento, dandone comunicazione via email o WhatsApp.\\nVerranno applicate le seguenti condizioni:\\nCancellazione <b>fino a 15 giorni prima<\/b> dell\u2019attivit\u00e0, verr\u00e0 rimborsata la <b>quota totale<\/b>.\\nCancellazione attivit\u00e0 <b>dal 14 giorno fino al 7 giorno<\/b> prima dell\u2019attivit\u00e0, verr\u00e0 rimborsato il <b>50% della quota<\/b>.\\nCancellazione attivit\u00e0 <b>dal 6 al 4 giorno<\/b> prima dell\u2019attivit\u00e0, verr\u00e0 rimborsato il <b>30% della quota<\/b>. \\nCancellazione attivit\u00e0 <b>3 giorni<\/b> prima della data prevista o no show, <b>nessun rimborso previsto<\/b>.\\n\\nIn caso di cancellazione da parte di Natura Avventura, per motivi di sicurezza o di meteo avverso, o per il non raggiungimento del numero minimo dei partecipanti, potr\u00e0 essere concordata una nuova data o potr\u00e0 essere richiesto il rimborso totale della quota.\\n&#8221;}],&#8221;name_2&#8243;:&#8221;Ramponi e Piccozza&#8221;,&#8221;content_2&#8243;:[{&#8220;component&#8221;:&#8221;hc_text_block&#8221;,&#8221;id&#8221;:&#8221;Z38UP&#8221;,&#8221;css_classes&#8221;:&#8221;&#8221;,&#8221;custom_css_classes&#8221;:&#8221;&#8221;,&#8221;custom_css_styles&#8221;:&#8221;&#8221;,&#8221;content&#8221;:&#8221;\u00c8 possibile cancellare la prenotazione in qualsiasi momento, dandone comunicazione via email o WhatsApp.\\nVerranno applicate le seguenti condizioni:\\nCancellazione <b>fino a 15 giorni prima<\/b> dell\u2019attivit\u00e0, verr\u00e0 rimborsata la <b>quota totale<\/b>.\\nCancellazione attivit\u00e0 <b>dal 14 giorno fino al 7 giorno<\/b> prima dell\u2019attivit\u00e0, verr\u00e0 rimborsato il <b>50% della quota<\/b>.\\nCancellazione attivit\u00e0 <b>dal 6 al 4 giorno<\/b> prima dell\u2019attivit\u00e0, verr\u00e0 rimborsato il <b>30% della quota<\/b>. \\nCancellazione attivit\u00e0 <b>3 giorni<\/b> prima della data prevista o no show, <b>nessun rimborso previsto<\/b>.\\n\\nIn caso di cancellazione da parte di Natura Avventura, per motivi di sicurezza o di meteo avverso, o per il non raggiungimento del numero minimo dei partecipanti, potr\u00e0 essere concordata una nuova data o potr\u00e0 essere richiesto il rimborso totale della quota.&#8221;}],&#8221;name_3&#8243;:&#8221;Corsi&#8221;,&#8221;content_3&#8243;:[{&#8220;component&#8221;:&#8221;hc_text_block&#8221;,&#8221;id&#8221;:&#8221;fZBix&#8221;,&#8221;css_classes&#8221;:&#8221;&#8221;,&#8221;custom_css_classes&#8221;:&#8221;&#8221;,&#8221;custom_css_styles&#8221;:&#8221;&#8221;,&#8221;content&#8221;:&#8221;\u00c8 possibile cancellare la prenotazione in qualsiasi momento, dandone comunicazione via email o WhatsApp.\\nVerranno applicate le seguenti condizioni:\\nCancellazione <b>fino a 30 giorni prima<\/b> dell\u2019attivit\u00e0, verr\u00e0 rimborsata la <b>quota totale<\/b>.\\nCancellazione attivit\u00e0 <b>dal 29 giorno fino al 15 giorno<\/b> prima dell\u2019attivit\u00e0, verr\u00e0 rimborsato il <b>50% della quota<\/b>.\\nCancellazione attivit\u00e0 <b>14 giorni<\/b> prima della data prevista o no show, <b>nessun rimborso previsto<\/b>.\\n\\nIn caso di cancellazione da parte di Natura Avventura, per motivi di sicurezza o di meteo avverso, o per il non raggiungimento del numero minimo dei partecipanti, potr\u00e0 essere concordata una nuova data o potr\u00e0 essere richiesto il rimborso totale della quota.&#8221;}],&#8221;name_4&#8243;:&#8221;ADVENTURE GIFT CARD&#8221;,&#8221;content_4&#8243;:[{&#8220;component&#8221;:&#8221;hc_text_block&#8221;,&#8221;id&#8221;:&#8221;LOWOV&#8221;,&#8221;css_classes&#8221;:&#8221;&#8221;,&#8221;custom_css_classes&#8221;:&#8221;&#8221;,&#8221;custom_css_styles&#8221;:&#8221;&#8221;,&#8221;content&#8221;:&#8221;La ADVENTURE GIFT CARD \u00e8 una carta prepagata a scalare al portatore, utilizzabile per qualsiasi attivit\u00e0 organizzata da Natura Avventura. \\nL&#8217;attivit\u00e0, salvo disponibilit\u00e0, va prenotata sul sito di Natura Avventura secondo il calendario pubblicato.\\nOgni ADVENTURE GIFT CARD \u00e8 contrassegnata con un NUMERO CARD e un CODICE DI VERIFICA che dovranno essere comunicati alla prenotazione dell\u2019attivit\u00e0.\\nLa ADVENTURE GIFT CARD pu\u00f2 essere utilizzata solo per le quote di partecipazione, e non pu\u00f2 essere utilizzata per noleggio materiale, quote pranzi, quote tesseramento, ecc.\\nL\u2019importo della CARD non potr\u00e0 essere convertito in denaro contante. La GIFT CARD non d\u00e0 diritto a resto in contanti. La ADVENTURE GIFT CARD ha validit\u00e0 annuale (365 giorni) a partire dal giorno di emissione riportato sulla stessa.\\nLa ADVENTURE GIFT CARD \u00e8 spendibile in un\u2019unica o pi\u00f9 soluzioni e quindi pu\u00f2 venire utilizzata per partecipare ad un\u2019iniziativa del valore minimo pari al valore della ADVENTURE GIFT CARD, fino a completo esaurimento del valore contenuto, oppure pu\u00f2 essere esaurita con pi\u00f9 attivit\u00e0.\\nAd ogni attivit\u00e0 acquistata il relativo valore verr\u00e0 scalato dall\u2019importo accreditato sulla ADVENTURE GIFT CARD. \\nOve il valore della ADVENTURE GIFT CARD fosse insufficiente per acquistare l\u2019attivit\u00e0 desiderata, l\u2019importo mancante dovr\u00e0 essere versato in contanti o utilizzando le altre modalit\u00e0 di pagamento accettate.\\nDopo la data di scadenza della ADVENTURE GIFT CARD, la stessa non potr\u00e0 essere pi\u00f9 utilizzata n\u00e9 il portatore avr\u00e0 diritto ad alcuna forma di rimborso del credito residuo.\\nIn caso di annullamento della prenotazione effettuata, si fa riferimento ai termini e condizioni delle singole attivit\u00e0.\\n&#8221;}],&#8221;name_5&#8243;:&#8221;CANYONING GIFT CARD&#8221;,&#8221;content_5&#8243;:[{&#8220;component&#8221;:&#8221;hc_text_block&#8221;,&#8221;id&#8221;:&#8221;Iud7L&#8221;,&#8221;css_classes&#8221;:&#8221;&#8221;,&#8221;custom_css_classes&#8221;:&#8221;&#8221;,&#8221;custom_css_styles&#8221;:&#8221;&#8221;,&#8221;content&#8221;:&#8221;La CANYONING GIFT CARD \u00e8 una carta prepagata, utilizzabile per le attivit\u00e0 di canyoning organizzata da Natura Avventura.\\nL&#8217;attivit\u00e0, salvo disponibilit\u00e0, va prenotata sul sito di Natura Avventura secondo il calendario pubblicato.\\nOgni CANYONING GIFT CARD \u00e8 contrassegnata con un NUMERO CARD e un CODICE DI VERIFICA che dovranno essere comunicati alla prenotazione dell\u2019attivit\u00e0.\\nL\u2019importo della CARD non potr\u00e0 essere convertito in denaro contante. La GIFT CARD non d\u00e0 diritto a resto in contanti. La ADVENTURE GIFT CARD ha validit\u00e0 annuale (365 giorni) e la data di scadenza \u00e8 riportato sulla stessa.\\nDopo la data di scadenza della CANYONING GIFT CARD, la stessa non potr\u00e0 essere pi\u00f9 utilizzata n\u00e9 il portatore avr\u00e0 diritto ad alcuna forma di rimborso del credito residuo.\\n<b>In caso di annullamento della prenotazione effettuata<\/b>, verranno applicate i seguenti condizioni:\\n<b>fino a 3 giorni<\/b> prima dell\u2019attivit\u00e0, verr\u00e0 rimborsata la <b>quota totale.<\/b>\\n<b>dopo 3 giorni<\/b> della data prevista o <b>no show<\/b>, <b>nessun rimborso previsto.<\/b>\\n&#8221;}],&#8221;name_6&#8243;:&#8221;&#8221;,&#8221;content_6&#8243;:[],&#8221;name_7&#8243;:&#8221;&#8221;,&#8221;content_7&#8243;:[],&#8221;name_8&#8243;:&#8221;&#8221;,&#8221;content_8&#8243;:[],&#8221;name_9&#8243;:&#8221;&#8221;,&#8221;content_9&#8243;:[],&#8221;name_10&#8243;:&#8221;&#8221;,&#8221;content_10&#8243;:[],&#8221;open_type&#8221;:&#8221;&#8221;,&#8221;time&#8221;:&#8221;&#8221;,&#8221;open&#8221;:&#8221;&#8221;}]}],&#8221;section_settings&#8221;:&#8221;&#8221;},&#8221;scripts&#8221;:{&#8220;parallax&#8221;:&#8221;parallax.min.js&#8221;,&#8221;components&#8221;:&#8221;tab-accordion.js&#8221;},&#8221;css&#8221;:{},&#8221;css_page&#8221;:&#8221;&#8221;,&#8221;template_setting&#8221;:{},&#8221;template_setting_top&#8221;:{},&#8221;page_setting&#8221;:{&#8220;settings&#8221;:[&#8220;lock-mode-off&#8221;]}}<\/p>\n","protected":false},"excerpt":{"rendered":"<p>{&#8220;main-title&#8221;:{&#8220;component&#8221;:&#8221;hc_title&#8221;,&#8221;id&#8221;:&#8221;main-title&#8221;,&#8221;title&#8221;:&#8221;&#8221;,&#8221;subtitle&#8221;:&#8221;che cosa succede se cancelli una prenotazione&#8221;,&#8221;title_content&#8221;:{&#8220;component&#8221;:&#8221;hc_title_image&#8221;,&#8221;id&#8221;:&#8221;title-image&#8221;,&#8221;image&#8221;:&#8221;https:\/\/www.canyoning.naturaavventura.it\/wp-content\/uploads\/2023\/04\/sfondo_20-1024&#215;293.jpg|550|1920|990102976&#8243;,&#8221;full_screen&#8221;:false,&#8221;full_screen_height&#8221;:&#8221;&#8221;,&#8221;parallax&#8221;:true,&#8221;bleed&#8221;:&#8221;&#8221;,&#8221;ken_burn&#8221;:&#8221;ken-burn-center&#8221;,&#8221;breadcrumbs&#8221;:true,&#8221;light&#8221;:true,&#8221;alignment&#8221;:&#8221;&#8221;}},&#8221;section_5ZtkF&#8221;:{&#8220;component&#8221;:&#8221;hc_section&#8221;,&#8221;id&#8221;:&#8221;section_5ZtkF&#8221;,&#8221;section_width&#8221;:&#8221;&#8221;,&#8221;animation&#8221;:&#8221;&#8221;,&#8221;animation_time&#8221;:&#8221;&#8221;,&#8221;timeline_animation&#8221;:&#8221;&#8221;,&#8221;timeline_delay&#8221;:&#8221;&#8221;,&#8221;timeline_order&#8221;:&#8221;&#8221;,&#8221;vertical_row&#8221;:&#8221;&#8221;,&#8221;css_classes&#8221;:&#8221;&#8221;,&#8221;custom_css_classes&#8221;:&#8221;&#8221;,&#8221;custom_css_styles&#8221;:&#8221;&#8221;,&#8221;section_content&#8221;:[{&#8220;component&#8221;:&#8221;hc_column&#8221;,&#8221;id&#8221;:&#8221;column_ClJvv&#8221;,&#8221;column_width&#8221;:&#8221;col-md-12&#8243;,&#8221;animation&#8221;:&#8221;&#8221;,&#8221;animation_time&#8221;:&#8221;&#8221;,&#8221;timeline_animation&#8221;:&#8221;&#8221;,&#8221;timeline_delay&#8221;:&#8221;&#8221;,&#8221;timeline_order&#8221;:&#8221;&#8221;,&#8221;css_classes&#8221;:&#8221;&#8221;,&#8221;custom_css_classes&#8221;:&#8221;&#8221;,&#8221;custom_css_styles&#8221;:&#8221;&#8221;,&#8221;main_content&#8221;:[{&#8220;component&#8221;:&#8221;hc_accordion&#8221;,&#8221;id&#8221;:&#8221;2jxSv&#8221;,&#8221;css_classes&#8221;:&#8221;&#8221;,&#8221;custom_css_classes&#8221;:&#8221;&#8221;,&#8221;custom_css_styles&#8221;:&#8221;&#8221;,&#8221;name_1&#8243;:&#8221;Vie Ferrate&#8221;,&#8221;content_1&#8243;:[{&#8220;component&#8221;:&#8221;hc_text_block&#8221;,&#8221;id&#8221;:&#8221;Cjc9i&#8221;,&#8221;css_classes&#8221;:&#8221;&#8221;,&#8221;custom_css_classes&#8221;:&#8221;&#8221;,&#8221;custom_css_styles&#8221;:&#8221;&#8221;,&#8221;content&#8221;:&#8221;\u00c8 possibile cancellare la prenotazione in qualsiasi momento, dandone comunicazione via email o WhatsApp.\\nVerranno applicate le seguenti condizioni:\\nCancellazione fino a 15 giorni prima dell\u2019attivit\u00e0, verr\u00e0 rimborsata la quota totale.\\nCancellazione attivit\u00e0 dal 14 giorno fino al 7 giorno prima dell\u2019attivit\u00e0, verr\u00e0 rimborsato il 50% della quota.\\nCancellazione attivit\u00e0 dal 6 [&hellip;]<\/p>\n","protected":false},"author":2,"featured_media":0,"parent":0,"menu_order":0,"comment_status":"closed","ping_status":"closed","template":"","meta":{"footnotes":""},"folder":[29],"class_list":["post-990103643","page","type-page","status-publish","hentry"],"_links":{"self":[{"href":"https:\/\/www.canyoning.naturaavventura.it\/en\/wp-json\/wp\/v2\/pages\/990103643","targetHints":{"allow":["GET"]}}],"collection":[{"href":"https:\/\/www.canyoning.naturaavventura.it\/en\/wp-json\/wp\/v2\/pages"}],"about":[{"href":"https:\/\/www.canyoning.naturaavventura.it\/en\/wp-json\/wp\/v2\/types\/page"}],"author":[{"embeddable":true,"href":"https:\/\/www.canyoning.naturaavventura.it\/en\/wp-json\/wp\/v2\/users\/2"}],"replies":[{"embeddable":true,"href":"https:\/\/www.canyoning.naturaavventura.it\/en\/wp-json\/wp\/v2\/comments?post=990103643"}],"version-history":[{"count":1,"href":"https:\/\/www.canyoning.naturaavventura.it\/en\/wp-json\/wp\/v2\/pages\/990103643\/revisions"}],"predecessor-version":[{"id":990103644,"href":"https:\/\/www.canyoning.naturaavventura.it\/en\/wp-json\/wp\/v2\/pages\/990103643\/revisions\/990103644"}],"wp:attachment":[{"href":"https:\/\/www.canyoning.naturaavventura.it\/en\/wp-json\/wp\/v2\/media?parent=990103643"}],"wp:term":[{"taxonomy":"folder","embeddable":true,"href":"https:\/\/www.canyoning.naturaavventura.it\/en\/wp-json\/wp\/v2\/folder?post=990103643"}],"curies":[{"name":"wp","href":"https:\/\/api.w.org\/{rel}","templated":true}]}}